{"id":142,"date":"2020-04-23T18:00:56","date_gmt":"2020-04-23T18:00:56","guid":{"rendered":"https:\/\/marcelobarbosa.com.br\/website\/?page_id=142"},"modified":"2022-10-24T14:43:01","modified_gmt":"2022-10-24T14:43:01","slug":"ptbr-biografia","status":"publish","type":"page","link":"https:\/\/blazingdog.com\/site\/ptbr-biografia\/","title":{"rendered":"PTBR Biografia"},"content":{"rendered":"<h1 id=\"biografia\">Biografia<\/h1>\n<p>Formado em outubro de 2004, a Blazing Dog uniu integrantes que compartilham a mesma paix\u00e3o pelo Heavy Metal. Destacando-se na cena metal por apresenta\u00e7\u00f5es explosivas, o som, visual e energia da Blazing Dog contagiam o p\u00fablico. A banda promove sua m\u00fasica com v\u00e1rios shows, tocando ao lado de grandes nomes do metal nacional, lapidando cada vez mais composi\u00e7\u00f5es e performance.<\/p>\n<p>Em 2009, lan\u00e7am seu CD de estreia intitulado Metallic Beast. O disco desponta como um dos grandes lan\u00e7amentos nacionais do ano no g\u00eanero. Em 2015 sai o DVD + CD Age of The Beast, destaque pela produ\u00e7\u00e3o de n\u00edvel internacional e cuidadosa produ\u00e7\u00e3o gr\u00e1fica do lan\u00e7amento.<\/p>\n<p>A banda entra agora em uma nova fase, com forma\u00e7\u00e3o renovada e novas m\u00fasicas preparadas para lan\u00e7amento em 2022.<\/p>\n<style type=\"text\/css\">\n#foogallery-gallery-942 .fg-image { width: 200px; }\n#foogallery-gallery-942 { --fg-gutter: 10px; }<\/style>\n\t\t\t<div class=\"foogallery foogallery-container foogallery-default foogallery-lightbox-none fg-center fg-default fg-ready fg-light fg-shadow-outline fg-loading-default fg-loaded-fade-in fg-caption-always fg-hover-fade fg-hover-zoom fg-c-c\" id=\"foogallery-gallery-942\" data-foogallery=\"{&quot;item&quot;:{&quot;showCaptionTitle&quot;:false,&quot;showCaptionDescription&quot;:true},&quot;lazy&quot;:false,&quot;src&quot;:&quot;src&quot;,&quot;srcset&quot;:&quot;srcset&quot;}\" style=\"--fg-title-line-clamp: 0; --fg-description-line-clamp: 0;\" >\n\t<div class=\"fg-item fg-type-iframe fg-loaded\"><figure class=\"fg-item-inner\"><a href=\"https:\/\/blazingdog.com\/site\/igor-thomas-gehard-vocalista\/#igor-thomas\" target=\"_self\" data-caption-title=\"Igor Thomas - Vocal\" data-caption-desc=\"Igor Thomas &lt;\/br&gt; Vocal\" data-attachment-id=\"947\" data-type=\"iframe\" class=\"fg-thumb\"><span class=\"fg-image-wrap\"><img fetchpriority=\"high\" decoding=\"async\" src=\"https:\/\/blazingdog.com\/site\/wp-content\/uploads\/cache\/2022\/10\/4\/563588507.jpg\" title=\"Igor Thomas - Vocal\" width=\"200\" height=\"300\" class=\"skip-lazy fg-image\" loading=\"eager\"><\/span><span class=\"fg-image-overlay\"><\/span><\/a><figcaption class=\"fg-caption\"><div class=\"fg-caption-inner\"><div class=\"fg-caption-desc\">Igor Thomas <\/br> Vocal<\/div><\/div><\/figcaption><\/figure><div class=\"fg-loader\"><\/div><\/div><div class=\"fg-item fg-type-iframe fg-loaded\"><figure class=\"fg-item-inner\"><a href=\"https:\/\/blazingdog.com\/site\/renan-guimaraes-baixo\/#renan-guimaraes\" target=\"_self\" data-caption-title=\"Renan Guimar\u00e3es -  Baixo\" data-caption-desc=\"Renan Guimar\u00e3es &lt;\/br&gt; Baixo\" data-attachment-id=\"944\" data-type=\"iframe\" class=\"fg-thumb\"><span class=\"fg-image-wrap\"><img decoding=\"async\" src=\"https:\/\/blazingdog.com\/site\/wp-content\/uploads\/cache\/2022\/10\/1\/3317356563.jpg\" title=\"Renan Guimar\u00e3es -  Baixo\" width=\"200\" height=\"300\" class=\"skip-lazy fg-image\" loading=\"eager\"><\/span><span class=\"fg-image-overlay\"><\/span><\/a><figcaption class=\"fg-caption\"><div class=\"fg-caption-inner\"><div class=\"fg-caption-desc\">Renan Guimar\u00e3es <\/br> Baixo<\/div><\/div><\/figcaption><\/figure><div class=\"fg-loader\"><\/div><\/div><div class=\"fg-item fg-type-iframe fg-loaded\"><figure class=\"fg-item-inner\"><a href=\"https:\/\/blazingdog.com\/site\/julio-rasec-guitarra\/#julio-rasec\" target=\"_self\" data-caption-title=\"Julio Rasec - Guitarra e vocal\" data-caption-desc=\"Julio Rasec &lt;\/br&gt; Guitarra e vocal\" data-attachment-id=\"943\" data-type=\"iframe\" class=\"fg-thumb\"><span class=\"fg-image-wrap\"><img decoding=\"async\" src=\"https:\/\/blazingdog.com\/site\/wp-content\/uploads\/cache\/2022\/10\/5\/2808082900.jpg\" title=\"Julio Rasec - Guitarra e vocal\" width=\"200\" height=\"300\" class=\"skip-lazy fg-image\" loading=\"eager\"><\/span><span class=\"fg-image-overlay\"><\/span><\/a><figcaption class=\"fg-caption\"><div class=\"fg-caption-inner\"><div class=\"fg-caption-desc\">Julio Rasec <\/br> Guitarra e vocal<\/div><\/div><\/figcaption><\/figure><div class=\"fg-loader\"><\/div><\/div><div class=\"fg-item fg-type-iframe fg-loaded\"><figure class=\"fg-item-inner\"><a href=\"https:\/\/blazingdog.com\/site\/driu-menezes-guitarra\/#driu-menezes\" target=\"_self\" data-caption-title=\"Driu Menezes - Guitarra\" data-caption-desc=\"Driu Menezes &lt;\/br&gt; Guitarra\" data-attachment-id=\"945\" data-type=\"iframe\" class=\"fg-thumb\"><span class=\"fg-image-wrap\"><img decoding=\"async\" src=\"https:\/\/blazingdog.com\/site\/wp-content\/uploads\/cache\/2022\/10\/2\/795937108.jpg\" title=\"Driu Menezes - Guitarra\" width=\"200\" height=\"300\" class=\"skip-lazy fg-image\" loading=\"eager\"><\/span><span class=\"fg-image-overlay\"><\/span><\/a><figcaption class=\"fg-caption\"><div class=\"fg-caption-inner\"><div class=\"fg-caption-desc\">Driu Menezes <\/br> Guitarra<\/div><\/div><\/figcaption><\/figure><div class=\"fg-loader\"><\/div><\/div><div class=\"fg-item fg-type-iframe fg-loaded\"><figure class=\"fg-item-inner\"><a href=\"https:\/\/blazingdog.com\/site\/higor-emanoel-baterista\/#higor-emanoel\" target=\"_self\" data-caption-title=\"Higor Emanoel - Bateria\" data-caption-desc=\"Higor Emanoel &lt;\/br&gt; Bateria\" data-attachment-id=\"946\" data-type=\"iframe\" class=\"fg-thumb\"><span class=\"fg-image-wrap\"><img decoding=\"async\" src=\"https:\/\/blazingdog.com\/site\/wp-content\/uploads\/cache\/2022\/10\/3\/1326871078.jpg\" title=\"Higor Emanoel - Bateria\" width=\"200\" height=\"300\" class=\"skip-lazy fg-image\" loading=\"eager\"><\/span><span class=\"fg-image-overlay\"><\/span><\/a><figcaption class=\"fg-caption\"><div class=\"fg-caption-inner\"><div class=\"fg-caption-desc\">Higor Emanoel <\/br> Bateria<\/div><\/div><\/figcaption><\/figure><div class=\"fg-loader\"><\/div><\/div><\/div>\n\n","protected":false},"excerpt":{"rendered":"<p>Biografia Formado em outubro de 2004, a Blazing Dog uniu integrantes que compartilham a mesma paix\u00e3o pelo Heavy Metal. Destacando-se na cena metal por apresenta\u00e7\u00f5es explosivas, o som, visual e energia da Blazing Dog contagiam o p\u00fablico. A banda promove sua m\u00fasica com v\u00e1rios shows, tocando ao lado de grandes nomes do metal nacional, lapidando [&hellip;]<\/p>\n","protected":false},"author":1,"featured_media":0,"parent":0,"menu_order":0,"comment_status":"closed","ping_status":"closed","template":"","meta":{"footnotes":""},"class_list":["post-142","page","type-page","status-publish","hentry"],"_links":{"self":[{"href":"https:\/\/blazingdog.com\/site\/wp-json\/wp\/v2\/pages\/142","targetHints":{"allow":["GET"]}}],"collection":[{"href":"https:\/\/blazingdog.com\/site\/wp-json\/wp\/v2\/pages"}],"about":[{"href":"https:\/\/blazingdog.com\/site\/wp-json\/wp\/v2\/types\/page"}],"author":[{"embeddable":true,"href":"https:\/\/blazingdog.com\/site\/wp-json\/wp\/v2\/users\/1"}],"replies":[{"embeddable":true,"href":"https:\/\/blazingdog.com\/site\/wp-json\/wp\/v2\/comments?post=142"}],"version-history":[{"count":4,"href":"https:\/\/blazingdog.com\/site\/wp-json\/wp\/v2\/pages\/142\/revisions"}],"predecessor-version":[{"id":987,"href":"https:\/\/blazingdog.com\/site\/wp-json\/wp\/v2\/pages\/142\/revisions\/987"}],"wp:attachment":[{"href":"https:\/\/blazingdog.com\/site\/wp-json\/wp\/v2\/media?parent=142"}],"curies":[{"name":"wp","href":"https:\/\/api.w.org\/{rel}","templated":true}]}}