{"id":950,"date":"2022-10-19T20:39:29","date_gmt":"2022-10-19T20:39:29","guid":{"rendered":"https:\/\/blazingdog.com\/site\/?page_id=950"},"modified":"2022-11-16T01:11:33","modified_gmt":"2022-11-16T01:11:33","slug":"igor-thomas-gehard-vocalista","status":"publish","type":"page","link":"https:\/\/blazingdog.com\/site\/igor-thomas-gehard-vocalista\/","title":{"rendered":"Igor Thomas Gehard \u2013 Vocal"},"content":{"rendered":"<p><a id=\"igor-thomas\"><\/a><\/p>\n<h1>Igor Thomas Gehard \u2013 Vocal<\/h1>\n<p><img decoding=\"async\" class=\"size-medium wp-image-947 alignleft\" src=\"https:\/\/blazingdog.com\/site\/wp-content\/uploads\/2022\/10\/4.jpg\" alt=\"\" width=\"30%\" height=\"auto\" srcset=\"https:\/\/blazingdog.com\/site\/wp-content\/uploads\/2022\/10\/4.jpg 1000w, https:\/\/blazingdog.com\/site\/wp-content\/uploads\/2022\/10\/4-200x300.jpg 200w, https:\/\/blazingdog.com\/site\/wp-content\/uploads\/2022\/10\/4-683x1024.jpg 683w, https:\/\/blazingdog.com\/site\/wp-content\/uploads\/2022\/10\/4-768x1152.jpg 768w\" sizes=\"(max-width: 1000px) 100vw, 1000px\" \/> M\u00fasico e compositor brasiliense, estudou canto na Escola de M\u00fasica de Bras\u00edlia come\u00e7ando a cantar na adolesc\u00eancia.<\/p>\n<p>Passou por v\u00e1rias bandas de variados estilos, tocando tanto nas maiores casas de shows e eventos do Distrito Federal quanto em outros estados do Brasil.<\/p>\n<p>Hoje, \u00e9 vocalista das bandas Anarchitects e Blazing Dog, tendo um \u00e1lbum gravado com sua banda anterior a Art of Khaos.<\/p>\n<table width=\"100%\" border=\"0\" cellpadding=\"5\">\n<tr>\n<td>&nbsp;<\/td>\n<\/tr>\n<\/table>\n","protected":false},"excerpt":{"rendered":"<p>Igor Thomas Gehard \u2013 Vocal M\u00fasico e compositor brasiliense, estudou canto na Escola de M\u00fasica de Bras\u00edlia come\u00e7ando a cantar na adolesc\u00eancia. Passou por v\u00e1rias bandas de variados estilos, tocando tanto nas maiores casas de shows e eventos do Distrito Federal quanto em outros estados do Brasil. Hoje, \u00e9 vocalista das bandas Anarchitects e Blazing [&hellip;]<\/p>\n","protected":false},"author":1,"featured_media":0,"parent":0,"menu_order":0,"comment_status":"closed","ping_status":"closed","template":"","meta":{"footnotes":""},"class_list":["post-950","page","type-page","status-publish","hentry"],"_links":{"self":[{"href":"https:\/\/blazingdog.com\/site\/wp-json\/wp\/v2\/pages\/950","targetHints":{"allow":["GET"]}}],"collection":[{"href":"https:\/\/blazingdog.com\/site\/wp-json\/wp\/v2\/pages"}],"about":[{"href":"https:\/\/blazingdog.com\/site\/wp-json\/wp\/v2\/types\/page"}],"author":[{"embeddable":true,"href":"https:\/\/blazingdog.com\/site\/wp-json\/wp\/v2\/users\/1"}],"replies":[{"embeddable":true,"href":"https:\/\/blazingdog.com\/site\/wp-json\/wp\/v2\/comments?post=950"}],"version-history":[{"count":9,"href":"https:\/\/blazingdog.com\/site\/wp-json\/wp\/v2\/pages\/950\/revisions"}],"predecessor-version":[{"id":1057,"href":"https:\/\/blazingdog.com\/site\/wp-json\/wp\/v2\/pages\/950\/revisions\/1057"}],"wp:attachment":[{"href":"https:\/\/blazingdog.com\/site\/wp-json\/wp\/v2\/media?parent=950"}],"curies":[{"name":"wp","href":"https:\/\/api.w.org\/{rel}","templated":true}]}}