{"id":977,"date":"2022-10-19T20:55:07","date_gmt":"2022-10-19T20:55:07","guid":{"rendered":"https:\/\/blazingdog.com\/site\/?page_id=977"},"modified":"2022-11-14T13:57:41","modified_gmt":"2022-11-14T13:57:41","slug":"driu-menezes-guitarra","status":"publish","type":"page","link":"https:\/\/blazingdog.com\/site\/driu-menezes-guitarra\/","title":{"rendered":"Driu Menezes \u2013 Guitarra"},"content":{"rendered":"<p><a id=\"driu-menezes\"><\/a><\/p>\n<h1>Driu Menezes \u2013 Guitarra<\/h1>\n<p><img decoding=\"async\" class=\"size-medium wp-image-945 alignleft\" src=\"https:\/\/blazingdog.com\/site\/wp-content\/uploads\/2022\/10\/2.jpg\" alt=\"\" width=\"30%\" height=\"auto\" srcset=\"https:\/\/blazingdog.com\/site\/wp-content\/uploads\/2022\/10\/2.jpg 1000w, https:\/\/blazingdog.com\/site\/wp-content\/uploads\/2022\/10\/2-200x300.jpg 200w, https:\/\/blazingdog.com\/site\/wp-content\/uploads\/2022\/10\/2-683x1024.jpg 683w, https:\/\/blazingdog.com\/site\/wp-content\/uploads\/2022\/10\/2-768x1152.jpg 768w\" sizes=\"(max-width: 1000px) 100vw, 1000px\" \/>Nasceu em Bras\u00edlia, mas foi criado no interior do nordeste. Seu amor pela m\u00fasica surgiu no in\u00edcio dos anos 2000, quando adentrou o mundo do rock.<\/p>\n<p>Aos 15 anos teve seu primeiro contato com um viol\u00e3o, mas somente aos 22 anos iniciou os estudos da guitarra el\u00e9trica. Passou por diversos projetos autorais at\u00e9 se consolidar na banda Falls of Silence, gravando dois EP\u00b4s e dois singles com o projeto.<\/p>\n<p>Em 2017 passou a ser o guitarrista da Blazing Dog se apresentando em v\u00e1rios shows com a banda. Atualmente tamb\u00e9m toca na banda Anarchitects.<\/p>\n<table width=\"100%\" border=\"0\" cellpadding=\"5\">\n<tr>\n<td>&nbsp;<\/td>\n<\/tr>\n<\/table>\n","protected":false},"excerpt":{"rendered":"<p>Driu Menezes \u2013 Guitarra Nasceu em Bras\u00edlia, mas foi criado no interior do nordeste. Seu amor pela m\u00fasica surgiu no in\u00edcio dos anos 2000, quando adentrou o mundo do rock. Aos 15 anos teve seu primeiro contato com um viol\u00e3o, mas somente aos 22 anos iniciou os estudos da guitarra el\u00e9trica. Passou por diversos projetos [&hellip;]<\/p>\n","protected":false},"author":1,"featured_media":0,"parent":0,"menu_order":0,"comment_status":"closed","ping_status":"closed","template":"","meta":{"footnotes":""},"class_list":["post-977","page","type-page","status-publish","hentry"],"_links":{"self":[{"href":"https:\/\/blazingdog.com\/site\/wp-json\/wp\/v2\/pages\/977","targetHints":{"allow":["GET"]}}],"collection":[{"href":"https:\/\/blazingdog.com\/site\/wp-json\/wp\/v2\/pages"}],"about":[{"href":"https:\/\/blazingdog.com\/site\/wp-json\/wp\/v2\/types\/page"}],"author":[{"embeddable":true,"href":"https:\/\/blazingdog.com\/site\/wp-json\/wp\/v2\/users\/1"}],"replies":[{"embeddable":true,"href":"https:\/\/blazingdog.com\/site\/wp-json\/wp\/v2\/comments?post=977"}],"version-history":[{"count":4,"href":"https:\/\/blazingdog.com\/site\/wp-json\/wp\/v2\/pages\/977\/revisions"}],"predecessor-version":[{"id":1035,"href":"https:\/\/blazingdog.com\/site\/wp-json\/wp\/v2\/pages\/977\/revisions\/1035"}],"wp:attachment":[{"href":"https:\/\/blazingdog.com\/site\/wp-json\/wp\/v2\/media?parent=977"}],"curies":[{"name":"wp","href":"https:\/\/api.w.org\/{rel}","templated":true}]}}