{"id":981,"date":"2022-10-19T20:57:52","date_gmt":"2022-10-19T20:57:52","guid":{"rendered":"https:\/\/blazingdog.com\/site\/?page_id=981"},"modified":"2022-11-16T01:11:49","modified_gmt":"2022-11-16T01:11:49","slug":"higor-emanoel-baterista","status":"publish","type":"page","link":"https:\/\/blazingdog.com\/site\/higor-emanoel-baterista\/","title":{"rendered":"Higor Emanoel &#8211; Bateria"},"content":{"rendered":"<p> <a id=\"higor-emanoel\"><\/a><\/p>\n<h1>Higor Emanoel &#8211; Bateria<\/h1>\n<p><img decoding=\"async\" class=\"size-medium wp-image-946 alignleft\" src=\"https:\/\/blazingdog.com\/site\/wp-content\/uploads\/2022\/10\/3.jpg\" alt=\"\" width=\"30%\" height=\"auto\" srcset=\"https:\/\/blazingdog.com\/site\/wp-content\/uploads\/2022\/10\/3.jpg 1000w, https:\/\/blazingdog.com\/site\/wp-content\/uploads\/2022\/10\/3-200x300.jpg 200w, https:\/\/blazingdog.com\/site\/wp-content\/uploads\/2022\/10\/3-683x1024.jpg 683w, https:\/\/blazingdog.com\/site\/wp-content\/uploads\/2022\/10\/3-768x1152.jpg 768w\" sizes=\"(max-width: 1000px) 100vw, 1000px\" \/>O M\u00fasico brasiliense come\u00e7ou a tocar aos 9 anos de idade.<\/p>\n<p>Formado pela Escola de M\u00fasica de Bras\u00edlia em n\u00edvel t\u00e9cnico, aos 17 anos inicia carreira com cantores independentes e projetos profissionais e passa a lecionar em escolas de m\u00fasica da regi\u00e3o. No ano de 2019 se junta a Blazing Dog, al\u00e9m de ser baterista e compositor da banda AANI, de S\u00e3o Paulo.<\/p>\n<table width=\"100%\" border=\"0\" cellpadding=\"5\">\n<tr>\n<td>&nbsp;<\/td>\n<\/tr>\n<\/table>\n","protected":false},"excerpt":{"rendered":"<p>Higor Emanoel &#8211; Bateria O M\u00fasico brasiliense come\u00e7ou a tocar aos 9 anos de idade. Formado pela Escola de M\u00fasica de Bras\u00edlia em n\u00edvel t\u00e9cnico, aos 17 anos inicia carreira com cantores independentes e projetos profissionais e passa a lecionar em escolas de m\u00fasica da regi\u00e3o. No ano de 2019 se junta a Blazing Dog, [&hellip;]<\/p>\n","protected":false},"author":1,"featured_media":0,"parent":0,"menu_order":0,"comment_status":"closed","ping_status":"closed","template":"","meta":{"footnotes":""},"class_list":["post-981","page","type-page","status-publish","hentry"],"_links":{"self":[{"href":"https:\/\/blazingdog.com\/site\/wp-json\/wp\/v2\/pages\/981","targetHints":{"allow":["GET"]}}],"collection":[{"href":"https:\/\/blazingdog.com\/site\/wp-json\/wp\/v2\/pages"}],"about":[{"href":"https:\/\/blazingdog.com\/site\/wp-json\/wp\/v2\/types\/page"}],"author":[{"embeddable":true,"href":"https:\/\/blazingdog.com\/site\/wp-json\/wp\/v2\/users\/1"}],"replies":[{"embeddable":true,"href":"https:\/\/blazingdog.com\/site\/wp-json\/wp\/v2\/comments?post=981"}],"version-history":[{"count":8,"href":"https:\/\/blazingdog.com\/site\/wp-json\/wp\/v2\/pages\/981\/revisions"}],"predecessor-version":[{"id":1058,"href":"https:\/\/blazingdog.com\/site\/wp-json\/wp\/v2\/pages\/981\/revisions\/1058"}],"wp:attachment":[{"href":"https:\/\/blazingdog.com\/site\/wp-json\/wp\/v2\/media?parent=981"}],"curies":[{"name":"wp","href":"https:\/\/api.w.org\/{rel}","templated":true}]}}